{"id":1179,"date":"2021-08-17T19:11:53","date_gmt":"2021-08-17T17:11:53","guid":{"rendered":"https:\/\/hydroflex.com.pl\/startseite\/"},"modified":"2025-03-17T11:40:19","modified_gmt":"2025-03-17T10:40:19","slug":"startseite","status":"publish","type":"page","link":"https:\/\/hydroflex.com.pl\/de\/","title":{"rendered":"Startseite"},"content":{"rendered":"<iframe loading=\"lazy\" width=\"100%\" height=\"615\" src=\"https:\/\/www.youtube.com\/embed\/G00vVStpPuk?si=PRm9PBatDuPi0Ttu\" title=\"YouTube video player\" frameborder=\"0\" allow=\"accelerometer; autoplay; clipboard-write; encrypted-media; gyroscope; picture-in-picture; web-share\" referrerpolicy=\"strict-origin-when-cross-origin\" allowfullscreen><\/iframe>\r\n\r\n&#13;\r\n<p style=\"text-indent:20px;\"><strong>Hydroflex<\/strong> ist ein Unternehmen, das geflochtene flexible Schl\u00e4uche und Verbindungen aus Edelstahl AISI 304 herstellt.<\/p>&#13;\r\n&#13;\r\n<p style=\"text-indent:20px;\">Unsere flexiblen Verbindungen haben ein breites Anwendungsspektrum im Sanit\u00e4r- und Klimabereich. Unser Unternehmen verf\u00fcgt \u00fcber das breiteste Angebot an flexiblen Anschl\u00fcssen auf dem polnischen Markt, das sich durch h\u00f6chste und un\u00fcbertroffene Qualit\u00e4t auszeichnet, und ist das einzige Unternehmen in Polen, das flexible Anschl\u00fcsse f\u00fcr Trinkwasser verkauft.<\/p>&#13;\r\n&#13;\r\n<p style=\"text-indent:20px;\">Neben der Herstellung flexibler Verbindungen sind wir der einzige Hersteller von Edelstahlgeflechtschl\u00e4uchen auf dem polnischen Markt. Wir verf\u00fcgen \u00fcber Flechtmaschinen, die Geflechte aus Edelstahl AISI 304, verzinktem Stahl, Kupfer, Aluminium und Nylondraht herstellen. <strong>Wir flechten Schl\u00e4uche aus GUMMI (EPDM), PE-X (Trinkwasser) und SILIKON und stellen auch Schutzschirme f\u00fcr Elektrokabel her.<\/strong><\/p>&#13;\r\n&#13;\r\n<p style=\"text-indent:20px;\">Wir k\u00f6nnen Schl\u00e4uche in verschiedenen St\u00e4rken flechten, von: <strong>DN6<\/strong>, <strong>DN8<\/strong>, <strong>DN10<\/strong>, <strong>DN13<\/strong>, <strong>DN19<\/strong>, <strong>DN25<\/strong>, <strong>DN32<\/strong>, <strong>DN40<\/strong>, <strong>DN50<\/strong>. Es ist m\u00f6glich, jeden Schlauch nach Ermittlung der technischen Daten des Schlauches zu flechten.<\/p>&#13;\r\n&#13;\r\n<p style=\"text-indent:20px;\">Ziel des Unternehmens ist der Aufbau und die Pflege von Partnerschaften mit gro\u00dfen Ketten, Sanit\u00e4rgro\u00dfh\u00e4ndlern, kleinen Gesch\u00e4ften und ausl\u00e4ndischen Partnern. Unser Vorteil ist die kontinuierliche Verbesserung und Einf\u00fchrung neuer Anschl\u00fcsse und Schl\u00e4uche, die Qualit\u00e4t des Unternehmensbetriebs und die Sorge um die Kundenzufriedenheit.<\/p>&#13;\r\n&#13;\r\n<p style=\"text-indent:20px;\"><strong>Wir laden Sie zur Zusammenarbeit ein.<\/strong><\/p>&#13;\r\n&#13;\r\n<p style=\"text-indent:20px;\"><strong>Wir sind davon \u00fcberzeugt, dass Sie mit der Zusammenarbeit zufrieden sein werden, wenn Sie sich dem Kreis unserer Kunden anschlie\u00dfen.<\/strong><\/p>&#13;\r\n\r\n<div class=\"wp-block-columns alignwide are-vertically-aligned-center highlights is-layout-flex wp-container-core-columns-is-layout-9d6595d7 wp-block-columns-is-layout-flex\">\r\n<div class=\"wp-block-column is-layout-flow wp-block-column-is-layout-flow\">&#13;\r\n<h2 class=\"has-medium-font-size wp-block-heading\"><strong>Erfahrung<\/strong><\/h2>&#13;\r\n\r\n\r\n&#13;\r\n<p>Seit \u00fcber 23 Jahren produzieren wir ein breites Sortiment an flexiblen Verbindungen. <\/p>&#13;\r\n\r\n\r\n&#13;\r\n<p>Die Wurzeln des Unternehmens reichen bis ins Jahr 1973 zur\u00fcck.<\/p>&#13;\r\n<\/div>\r\n\r\n\r\n\r\n<div class=\"wp-block-column is-layout-flow wp-block-column-is-layout-flow\">&#13;\r\n<h2 class=\"has-medium-font-size wp-block-heading\"><strong>Professionalit\u00e4t<\/strong><\/h2>&#13;\r\n\r\n\r\n&#13;\r\n<p>Wir bieten Produkte von h\u00f6chster und konkurrenzloser Qualit\u00e4t.<\/p>&#13;\r\n\r\n\r\n&#13;\r\n<p>Die Produktion erfolgt vollst\u00e4ndig in Polen.<\/p>&#13;\r\n<\/div>\r\n\r\n\r\n\r\n<div class=\"wp-block-column is-layout-flow wp-block-column-is-layout-flow\">&#13;\r\n<h2 class=\"has-medium-font-size wp-block-heading\"><strong>Ein solider Partner<\/strong><\/h2>&#13;\r\n\r\n\r\n&#13;\r\n<p>Unser Unternehmen verf\u00fcgt \u00fcber eine Gruppe regelm\u00e4\u00dfiger und zufriedener Kunden in Polen und im Ausland.<\/p>&#13;\r\n<\/div>\r\n<\/div>\r\n&#13;\r\n<p><\/p>&#13;\r\n","protected":false},"excerpt":{"rendered":"<p>&#13; Hydroflex ist ein Unternehmen, das geflochtene flexible Schl\u00e4uche und Verbindungen aus Edelstahl AISI 304 herstellt. &#13; &#13; Unsere flexiblen Verbindungen haben ein breites Anwendungsspektrum im Sanit\u00e4r- und Klimabereich. Unser Unternehmen verf\u00fcgt \u00fcber das breiteste Angebot an flexiblen Anschl\u00fcssen auf dem polnischen Markt, das sich durch h\u00f6chste und un\u00fcbertroffene Qualit\u00e4t auszeichnet, und ist das einzige [&hellip;]<\/p>\n","protected":false},"author":1,"featured_media":0,"parent":0,"menu_order":0,"comment_status":"closed","ping_status":"closed","template":"template-fullwidth.php","meta":{"footnotes":""},"class_list":["post-1179","page","type-page","status-publish","hentry"],"_links":{"self":[{"href":"https:\/\/hydroflex.com.pl\/de\/wp-json\/wp\/v2\/pages\/1179","targetHints":{"allow":["GET"]}}],"collection":[{"href":"https:\/\/hydroflex.com.pl\/de\/wp-json\/wp\/v2\/pages"}],"about":[{"href":"https:\/\/hydroflex.com.pl\/de\/wp-json\/wp\/v2\/types\/page"}],"author":[{"embeddable":true,"href":"https:\/\/hydroflex.com.pl\/de\/wp-json\/wp\/v2\/users\/1"}],"replies":[{"embeddable":true,"href":"https:\/\/hydroflex.com.pl\/de\/wp-json\/wp\/v2\/comments?post=1179"}],"version-history":[{"count":4,"href":"https:\/\/hydroflex.com.pl\/de\/wp-json\/wp\/v2\/pages\/1179\/revisions"}],"predecessor-version":[{"id":1310,"href":"https:\/\/hydroflex.com.pl\/de\/wp-json\/wp\/v2\/pages\/1179\/revisions\/1310"}],"wp:attachment":[{"href":"https:\/\/hydroflex.com.pl\/de\/wp-json\/wp\/v2\/media?parent=1179"}],"curies":[{"name":"wp","href":"https:\/\/api.w.org\/{rel}","templated":true}]}}