{"id":1200,"date":"2021-08-17T18:00:38","date_gmt":"2021-08-17T16:00:38","guid":{"rendered":"https:\/\/hydroflex.com.pl\/kontakt\/"},"modified":"2023-11-27T10:12:48","modified_gmt":"2023-11-27T09:12:48","slug":"kontakt","status":"publish","type":"page","link":"https:\/\/hydroflex.com.pl\/de\/kontakt\/","title":{"rendered":"Kontakt"},"content":{"rendered":"\n<div class=\"wp-block-columns is-layout-flex wp-container-core-columns-is-layout-9d6595d7 wp-block-columns-is-layout-flex\">\n<div class=\"wp-block-column is-layout-flow wp-block-column-is-layout-flow\" style=\"flex-basis:33.33%\">\n<p><strong>HYDROFLEX<\/strong><br\/><strong>Str. Sportowa 42 <br\/>32-040 \u015awi\u0105tniki G\u00f3rne<\/strong><br\/>Polen<br\/><strong>GPS<\/strong>: 49\u00b055&#8217;47.8&#8243;N 19\u00b057&#8217;00.6&#8243;E<\/p>\n\n\n\n<p><strong>Tel.\/Fax<\/strong>: +48 012 27 04 190<br\/><strong>Mobile<\/strong>: +48 604 645 891<br\/><strong>E-mail<\/strong>: <a href=\"mailto:biuro@hydroflex.com.pl\">biuro@hydroflex.com.pl<\/a><\/p>\n\n\n\n<p><strong>NIP<\/strong>: 676-219-24-84<br\/><strong>REGON<\/strong>: 120011278<\/p>\n<\/div>\n\n\n\n<div class=\"wp-block-column is-layout-flow wp-block-column-is-layout-flow\" style=\"flex-basis:66.66%\">\n<div class=\"map\"><\/div>\n\n<script type=\"text\/javascript\" async=\"\" defer=\"defer\">\n                                document.addEventListener('DOMContentLoaded', function (e) {\n                                    var l = document.querySelector('.map')\n                                    if (l) {\n                                        var iframe = l.appendChild(document.createElement('iframe'))\n                                        iframe.setAttribute('loading', 'lazy')\n                                        iframe.setAttribute('width', '100%')\n                                        iframe.setAttribute('height', '100%')\n                                        iframe.setAttribute('frameborder', '0')\n                                        iframe.setAttribute('style', 'border: 0')\n                                        iframe.setAttribute('title', 'Ort')\n                                        iframe.setAttribute('src', 'https:\/\/maps.google.com\/maps?q=49.929941437510685,19.95017285516101&z=16&output=embed')\n\n                                    }\n                                })\n                            <\/script>\n<\/div>\n<\/div>\n\n<div class=\"wp-block-columns is-layout-flex wp-container-core-columns-is-layout-9d6595d7 wp-block-columns-is-layout-flex\">\n<div class=\"wp-block-column is-layout-flow wp-block-column-is-layout-flow\" style=\"flex-basis:33.33%\">\n<h2 class=\"wp-block-heading\">Kontakt Formular<\/h2>\n<\/div>\n\n\n\n<div class=\"wp-block-column is-layout-flow wp-block-column-is-layout-flow\" style=\"flex-basis:66.66%\">\n<div class=\"contact-form\">\n<form>\n\n<div class=\"input-wrapper\"><input type=\"text\" name=\"name\" placeholder=\"Vor- und Nachname, Firmenname\" required=\"\"\/><\/div>\n<div class=\"input-wrapper\"><input type=\"email\" name=\"email\" placeholder=\"E-Mail-Adresse\" required=\"\"\/><\/div>\n<div class=\"input-wrapper\"><input type=\"text\" name=\"subject\" placeholder=\"Thema\"\/><\/div>\n<div class=\"input-wrapper\"><textarea name=\"message\" placeholder=\"Nachrichteninhalt\" required=\"\"><\/textarea><\/div>\n\n<div class=\"actions\"><button type=\"submit\" class=\"button\">Senden Sie das Formular ab<\/button><\/div><\/form>\n\n<div class=\"success\" style=\"display: none;\"><p>Vielen Dank f\u00fcr das Absenden des Formulars.<\/p><\/div>\n<div class=\"error\" style=\"display: none;\"><p>Es ist ein Fehler aufgetreten. Bitte \u00fcberpr\u00fcfen Sie das Formular und versuchen Sie es erneut.<\/p><\/div>\n\n<\/div>\n<\/div>\n<\/div>\n","protected":false},"excerpt":{"rendered":"<p>HYDROFLEXStr. Sportowa 42 32-040 \u015awi\u0105tniki G\u00f3rnePolenGPS: 49\u00b055&#8217;47.8&#8243;N 19\u00b057&#8217;00.6&#8243;E Tel.\/Fax: +48 012 27 04 190Mobile: +48 604 645 891E-mail: biuro@hydroflex.com.pl NIP: 676-219-24-84REGON: 120011278 Kontakt Formular Senden Sie das Formular ab Vielen Dank f\u00fcr das Absenden des Formulars. Es ist ein Fehler aufgetreten. Bitte \u00fcberpr\u00fcfen Sie das Formular und versuchen Sie es erneut.<\/p>\n","protected":false},"author":1,"featured_media":0,"parent":0,"menu_order":0,"comment_status":"closed","ping_status":"closed","template":"template-fullwidth.php","meta":{"footnotes":""},"class_list":["post-1200","page","type-page","status-publish","hentry"],"_links":{"self":[{"href":"https:\/\/hydroflex.com.pl\/de\/wp-json\/wp\/v2\/pages\/1200","targetHints":{"allow":["GET"]}}],"collection":[{"href":"https:\/\/hydroflex.com.pl\/de\/wp-json\/wp\/v2\/pages"}],"about":[{"href":"https:\/\/hydroflex.com.pl\/de\/wp-json\/wp\/v2\/types\/page"}],"author":[{"embeddable":true,"href":"https:\/\/hydroflex.com.pl\/de\/wp-json\/wp\/v2\/users\/1"}],"replies":[{"embeddable":true,"href":"https:\/\/hydroflex.com.pl\/de\/wp-json\/wp\/v2\/comments?post=1200"}],"version-history":[{"count":5,"href":"https:\/\/hydroflex.com.pl\/de\/wp-json\/wp\/v2\/pages\/1200\/revisions"}],"predecessor-version":[{"id":1209,"href":"https:\/\/hydroflex.com.pl\/de\/wp-json\/wp\/v2\/pages\/1200\/revisions\/1209"}],"wp:attachment":[{"href":"https:\/\/hydroflex.com.pl\/de\/wp-json\/wp\/v2\/media?parent=1200"}],"curies":[{"name":"wp","href":"https:\/\/api.w.org\/{rel}","templated":true}]}}