{"id":1204,"date":"2021-08-17T15:52:19","date_gmt":"2021-08-17T13:52:19","guid":{"rendered":"https:\/\/hydroflex.com.pl\/ueber-das-unternehmen\/"},"modified":"2023-11-27T09:43:15","modified_gmt":"2023-11-27T08:43:15","slug":"ueber-das-unternehmen","status":"publish","type":"page","link":"https:\/\/hydroflex.com.pl\/de\/ueber-das-unternehmen\/","title":{"rendered":"\u00dcber das Unternehmen"},"content":{"rendered":"&#13;\n<p style=\"text-indent:20px;\">Hydroflex ist ein Produktions- und Dienstleistungsunternehmen, das sich auf Industriearmaturen und Wasserinstallationen spezialisiert hat. Die Wurzeln seiner T\u00e4tigkeit reichen bis ins Jahr 1973 zur\u00fcck.<\/p>&#13;\n&#13;\n<p style=\"text-indent:20px;\"><strong>HYDROFLEX<\/strong> ist der einzige hundertprozentige Hersteller flexibler Verbindungen in Polen. Seit \u00fcber 23 Jahren produzieren wir ein breites Sortiment an flexiblen Verbindungen. Heute sind wir ein bedeutendes Unternehmen auf dem in- und ausl\u00e4ndischen Markt. Wir arbeiten mit Unternehmen zusammen, darunter: aus Polen, Deutschland, Litauen und der Ukraine.<\/p>&#13;\n&#13;\n<p style=\"text-indent:20px;\">Die in <strong>HYDROFLEX<\/strong>-Werken hergestellten Produkte zeichnen sich durch sorgf\u00e4ltige Verarbeitung, \u00e4sthetisches Erscheinungsbild und Betriebssicherheit aus. Unser vorrangiges Ziel ist es, ein H\u00f6chstma\u00df an Kundenzufriedenheit sicherzustellen. Zu diesem Zweck besch\u00e4ftigen wir erfahrene und professionell geschulte Mitarbeiter und investieren in moderne Technologien, wodurch wir die angebotene Produktpalette st\u00e4ndig erweitern.<\/p>&#13;\n&#13;\n<p style=\"text-indent:20px;\">Standardm\u00e4\u00dfig betr\u00e4gt die Garantie f\u00fcr flexible Edelstahl-Geflechtverbindungen, die seit 2013 in <strong>HYDROFLEX<\/strong>-Werken hergestellt werden, 5 Jahre*<\/p>&#13;\n&#13;\n<p style=\"text-indent:20px;\">*Die Garantie kann um einen Zeitraum von mehr als 5 Jahren verl\u00e4ngert werden, nachdem der K\u00e4ufer zuvor informiert hat, wo und unter welchen Bedingungen der flexible Edelstahl-Geflechtverbinder von Hydroflex installiert wird.<\/p>&#13;\n","protected":false},"excerpt":{"rendered":"<p>&#13; Hydroflex ist ein Produktions- und Dienstleistungsunternehmen, das sich auf Industriearmaturen und Wasserinstallationen spezialisiert hat. Die Wurzeln seiner T\u00e4tigkeit reichen bis ins Jahr 1973 zur\u00fcck. &#13; &#13; HYDROFLEX ist der einzige hundertprozentige Hersteller flexibler Verbindungen in Polen. Seit \u00fcber 23 Jahren produzieren wir ein breites Sortiment an flexiblen Verbindungen. Heute sind wir ein bedeutendes Unternehmen [&hellip;]<\/p>\n","protected":false},"author":1,"featured_media":0,"parent":0,"menu_order":0,"comment_status":"closed","ping_status":"open","template":"template-fullwidth.php","meta":{"footnotes":""},"class_list":["post-1204","page","type-page","status-publish","hentry"],"_links":{"self":[{"href":"https:\/\/hydroflex.com.pl\/de\/wp-json\/wp\/v2\/pages\/1204","targetHints":{"allow":["GET"]}}],"collection":[{"href":"https:\/\/hydroflex.com.pl\/de\/wp-json\/wp\/v2\/pages"}],"about":[{"href":"https:\/\/hydroflex.com.pl\/de\/wp-json\/wp\/v2\/types\/page"}],"author":[{"embeddable":true,"href":"https:\/\/hydroflex.com.pl\/de\/wp-json\/wp\/v2\/users\/1"}],"replies":[{"embeddable":true,"href":"https:\/\/hydroflex.com.pl\/de\/wp-json\/wp\/v2\/comments?post=1204"}],"version-history":[{"count":1,"href":"https:\/\/hydroflex.com.pl\/de\/wp-json\/wp\/v2\/pages\/1204\/revisions"}],"predecessor-version":[{"id":1205,"href":"https:\/\/hydroflex.com.pl\/de\/wp-json\/wp\/v2\/pages\/1204\/revisions\/1205"}],"wp:attachment":[{"href":"https:\/\/hydroflex.com.pl\/de\/wp-json\/wp\/v2\/media?parent=1204"}],"curies":[{"name":"wp","href":"https:\/\/api.w.org\/{rel}","templated":true}]}}