{"id":1206,"date":"2022-04-07T14:33:50","date_gmt":"2022-04-07T12:33:50","guid":{"rendered":"https:\/\/hydroflex.com.pl\/arten-von-schlangen\/"},"modified":"2023-11-27T15:54:28","modified_gmt":"2023-11-27T14:54:28","slug":"arten-von-schlangen","status":"publish","type":"page","link":"https:\/\/hydroflex.com.pl\/de\/arten-von-schlangen\/","title":{"rendered":"Arten von Schl\u00e4uchen"},"content":{"rendered":"<p style=\"text-indent:20px;\">Das Unternehmen <strong>Hydroflex<\/strong> verf\u00fcgt \u00fcber Flechtmaschinen und ist auf das Flechten von Schl\u00e4uchen f\u00fcr die eigene Herstellung flexibler Verbindungen sowie auf die Herstellung von Schl\u00e4uchen f\u00fcr andere Unternehmen, die flexible Verbindungen herstellen, spezialisiert.<\/p>\n<p style=\"text-indent:20px;\">Wir fertigen auch Schutzgeflechte f\u00fcr Elektrokabel.<\/p>\n<p><span style=\"text-decoration: underline;\">Schlauchtypen:<\/span><\/p>\n<ul>\n<li><strong>DN6<\/strong> \u2013 AISI 304-Edelstahlgeflecht, Aluminiumgeflecht, verzinktes Stahlgeflecht, Nylongeflecht,<br \/>\n(EPDM, PE-X, Silizium)<\/li>\n<li><strong>DN8<\/strong> \u2013 AISI 304-Edelstahlgeflecht, Aluminiumgeflecht, verzinktes Stahlgeflecht, Nylongeflecht,<br \/>\n(EPDM,PE-X, Silizium, OXY-BLOCK)<\/li>\n<li><strong>DN13<\/strong> \u2013 AISI 304-Edelstahlgeflecht, Aluminiumgeflecht, verzinktes Stahlgeflecht, Nylongeflecht,<br \/>\n(EPDM, PE-X, Silizium, OXY-BLOCK)<\/li>\n<li><strong>DN15<\/strong> \u2013 AISI 304-Edelstahlgeflecht, Aluminiumgeflecht, verzinktes Stahlgeflecht, Nylongeflecht,<br \/>\n(EPDM, PE-X, Silizium)<\/li>\n<li><strong>DN19<\/strong> \u2013 AISI 304-Edelstahlgeflecht, Aluminiumgeflecht, verzinktes Stahlgeflecht, Nylongeflecht,<br \/>\n(EPDM, PE-X)<\/li>\n<li><strong>DN25<\/strong> \u2013 AISI 304-Edelstahlgeflecht, Aluminiumgeflecht, verzinktes Stahlgeflecht, Nylongeflecht,<br \/>\n(EPDM, PE-X)<\/li>\n<li><strong>DN32<\/strong> \u2013 AISI 304-Edelstahlgeflecht, Aluminiumgeflecht, verzinktes Stahlgeflecht, Nylongeflecht,<br \/>\n(EPDM, PE-X)<\/li>\n<li><strong>DN40<\/strong> \u2013 AISI 304-Edelstahlgeflecht, Aluminiumgeflecht, verzinktes Stahlgeflecht, Nylongeflecht,<br \/>\n(EPDM)<\/li>\n<li><strong>DN50<\/strong> \u2013 AISI 304-Edelstahlgeflecht, Aluminiumgeflecht, verzinktes Stahlgeflecht, Nylongeflecht,<br \/>\n(EPDM)<\/li>\n<\/ul>\n","protected":false},"excerpt":{"rendered":"<p>Das Unternehmen Hydroflex verf\u00fcgt \u00fcber Flechtmaschinen und ist auf das Flechten von Schl\u00e4uchen f\u00fcr die eigene Herstellung flexibler Verbindungen sowie auf die Herstellung von Schl\u00e4uchen f\u00fcr andere Unternehmen, die flexible Verbindungen herstellen, spezialisiert. Wir fertigen auch Schutzgeflechte f\u00fcr Elektrokabel. Schlauchtypen: DN6 \u2013 AISI 304-Edelstahlgeflecht, Aluminiumgeflecht, verzinktes Stahlgeflecht, Nylongeflecht, (EPDM, PE-X, Silizium) DN8 \u2013 AISI 304-Edelstahlgeflecht, [&hellip;]<\/p>\n","protected":false},"author":2,"featured_media":0,"parent":0,"menu_order":0,"comment_status":"closed","ping_status":"closed","template":"template-fullwidth.php","meta":{"footnotes":""},"class_list":["post-1206","page","type-page","status-publish","hentry"],"_links":{"self":[{"href":"https:\/\/hydroflex.com.pl\/de\/wp-json\/wp\/v2\/pages\/1206","targetHints":{"allow":["GET"]}}],"collection":[{"href":"https:\/\/hydroflex.com.pl\/de\/wp-json\/wp\/v2\/pages"}],"about":[{"href":"https:\/\/hydroflex.com.pl\/de\/wp-json\/wp\/v2\/types\/page"}],"author":[{"embeddable":true,"href":"https:\/\/hydroflex.com.pl\/de\/wp-json\/wp\/v2\/users\/2"}],"replies":[{"embeddable":true,"href":"https:\/\/hydroflex.com.pl\/de\/wp-json\/wp\/v2\/comments?post=1206"}],"version-history":[{"count":2,"href":"https:\/\/hydroflex.com.pl\/de\/wp-json\/wp\/v2\/pages\/1206\/revisions"}],"predecessor-version":[{"id":1302,"href":"https:\/\/hydroflex.com.pl\/de\/wp-json\/wp\/v2\/pages\/1206\/revisions\/1302"}],"wp:attachment":[{"href":"https:\/\/hydroflex.com.pl\/de\/wp-json\/wp\/v2\/media?parent=1206"}],"curies":[{"name":"wp","href":"https:\/\/api.w.org\/{rel}","templated":true}]}}