{"id":1211,"date":"2021-08-17T17:56:25","date_gmt":"2021-08-17T15:56:25","guid":{"rendered":"https:\/\/hydroflex.com.pl\/flechtdienstleistungen\/"},"modified":"2023-11-27T10:15:33","modified_gmt":"2023-11-27T09:15:33","slug":"flechtdienstleistungen","status":"publish","type":"page","link":"https:\/\/hydroflex.com.pl\/de\/flechtdienstleistungen\/","title":{"rendered":"Flechtdienstleistungen"},"content":{"rendered":"<p style=\"text-indent: 20px;\">Unser Unternehmen ist das einzige in Polen, das Flechtdienstleistungen f\u00fcr vom Kunden zugesandte Schl\u00e4uche anbietet. Es ist m\u00f6glich, jede Schlauchgr\u00f6\u00dfe von <strong>DN6<\/strong> bis <strong>DN50<\/strong> zu umflechten.<\/p>\n&#13;\n<p style=\"text-indent: 20px;\">Zu den weiteren Aktivit\u00e4ten des Unternehmens geh\u00f6ren: Crimpdienstleistungen f\u00fcr flexible Verbindungen, Flechtschl\u00e4uche, Verkauf von Maschinen zum Crimpen flexibler Verbindungen sowie Gro\u00dfhandel mit Teilen f\u00fcr flexible Verbindungen.<\/p>&#13;\n&#13;\n<p><u>Wir sind spezialisiert auf Schlauchgeflechte:<\/u><\/p>&#13;\n\r\n<div class=\"wp-block-columns is-layout-flex wp-container-core-columns-is-layout-9d6595d7 wp-block-columns-is-layout-flex\">\r\n<div class=\"wp-block-column is-layout-flow wp-block-column-is-layout-flow\">&#13;\n<p><strong>PE-X<\/strong><\/p>&#13;\n\r\n\r\n&#13;\n<figure class=\"wp-block-image size-full\"><img loading=\"lazy\" decoding=\"async\" width=\"500\" height=\"82\" src=\"https:\/\/hydroflex.com.pl\/wp-content\/uploads\/2021\/10\/pex.gif\" alt=\"\" class=\"wp-image-73\"\/><\/figure>&#13;\n<\/div>\r\n\r\n\r\n\r\n<div class=\"wp-block-column is-layout-flow wp-block-column-is-layout-flow\">&#13;\n<p><strong>EPDM<\/strong><\/p>&#13;\n\r\n\r\n&#13;\n<figure class=\"wp-block-image size-full\"><img loading=\"lazy\" decoding=\"async\" width=\"500\" height=\"82\" src=\"https:\/\/hydroflex.com.pl\/wp-content\/uploads\/2021\/10\/epdm.gif\" alt=\"\" class=\"wp-image-75\"\/><\/figure>&#13;\n<\/div>\r\n<\/div>\r\n\r\n<div class=\"wp-block-columns is-layout-flex wp-container-core-columns-is-layout-9d6595d7 wp-block-columns-is-layout-flex\">\r\n<div class=\"wp-block-column is-layout-flow wp-block-column-is-layout-flow\">&#13;\n<p><strong>SILIZIUM<\/strong><\/p>&#13;\n\r\n\r\n&#13;\n<figure class=\"wp-block-image size-full\"><img loading=\"lazy\" decoding=\"async\" width=\"500\" height=\"82\" src=\"https:\/\/hydroflex.com.pl\/wp-content\/uploads\/2021\/10\/silikon.gif\" alt=\"\" class=\"wp-image-77\"\/><\/figure>&#13;\n<\/div>\r\n\r\n\r\n\r\n<div class=\"wp-block-column is-layout-flow wp-block-column-is-layout-flow\">&#13;\n<p><strong>OXY-BLOCK<\/strong><\/p>&#13;\n\r\n\r\n&#13;\n<figure class=\"wp-block-image size-full\"><img loading=\"lazy\" decoding=\"async\" width=\"500\" height=\"82\" src=\"https:\/\/hydroflex.com.pl\/wp-content\/uploads\/2021\/10\/oxy.gif\" alt=\"\" class=\"wp-image-80\"\/><\/figure>&#13;\n<\/div>\r\n<\/div>\r\n\r\n<div class=\"wp-block-columns is-layout-flex wp-container-core-columns-is-layout-9d6595d7 wp-block-columns-is-layout-flex\">\r\n<div class=\"wp-block-column is-layout-flow wp-block-column-is-layout-flow\">&#13;\n<p><strong>WELLROHR<\/strong><\/p>&#13;\n\r\n\r\n&#13;\n<figure class=\"wp-block-image size-full\"><img loading=\"lazy\" decoding=\"async\" width=\"500\" height=\"82\" src=\"https:\/\/hydroflex.com.pl\/wp-content\/uploads\/2021\/10\/rura-1.gif\" alt=\"\" class=\"wp-image-86\"\/><\/figure>&#13;\n<\/div>\r\n\r\n\r\n\r\n<div class=\"wp-block-column is-layout-flow wp-block-column-is-layout-flow\"><\/div>\r\n<\/div>\r\n","protected":false},"excerpt":{"rendered":"<p>Unser Unternehmen ist das einzige in Polen, das Flechtdienstleistungen f\u00fcr vom Kunden zugesandte Schl\u00e4uche anbietet. Es ist m\u00f6glich, jede Schlauchgr\u00f6\u00dfe von DN6 bis DN50 zu umflechten. &#13; Zu den weiteren Aktivit\u00e4ten des Unternehmens geh\u00f6ren: Crimpdienstleistungen f\u00fcr flexible Verbindungen, Flechtschl\u00e4uche, Verkauf von Maschinen zum Crimpen flexibler Verbindungen sowie Gro\u00dfhandel mit Teilen f\u00fcr flexible Verbindungen. &#13; &#13; [&hellip;]<\/p>\n","protected":false},"author":1,"featured_media":0,"parent":0,"menu_order":0,"comment_status":"closed","ping_status":"closed","template":"","meta":{"footnotes":""},"class_list":["post-1211","page","type-page","status-publish","hentry"],"_links":{"self":[{"href":"https:\/\/hydroflex.com.pl\/de\/wp-json\/wp\/v2\/pages\/1211","targetHints":{"allow":["GET"]}}],"collection":[{"href":"https:\/\/hydroflex.com.pl\/de\/wp-json\/wp\/v2\/pages"}],"about":[{"href":"https:\/\/hydroflex.com.pl\/de\/wp-json\/wp\/v2\/types\/page"}],"author":[{"embeddable":true,"href":"https:\/\/hydroflex.com.pl\/de\/wp-json\/wp\/v2\/users\/1"}],"replies":[{"embeddable":true,"href":"https:\/\/hydroflex.com.pl\/de\/wp-json\/wp\/v2\/comments?post=1211"}],"version-history":[{"count":3,"href":"https:\/\/hydroflex.com.pl\/de\/wp-json\/wp\/v2\/pages\/1211\/revisions"}],"predecessor-version":[{"id":1214,"href":"https:\/\/hydroflex.com.pl\/de\/wp-json\/wp\/v2\/pages\/1211\/revisions\/1214"}],"wp:attachment":[{"href":"https:\/\/hydroflex.com.pl\/de\/wp-json\/wp\/v2\/media?parent=1211"}],"curies":[{"name":"wp","href":"https:\/\/api.w.org\/{rel}","templated":true}]}}