{"id":1229,"date":"2022-04-07T14:35:06","date_gmt":"2022-04-07T12:35:06","guid":{"rendered":"https:\/\/hydroflex.com.pl\/duschschlaeuche\/"},"modified":"2022-04-07T14:35:06","modified_gmt":"2022-04-07T12:35:06","slug":"duschschlaeuche","status":"publish","type":"page","link":"https:\/\/hydroflex.com.pl\/de\/duschschlaeuche\/","title":{"rendered":"Duschschl\u00e4uche"},"content":{"rendered":"<p style=\"text-indent:20px;\"><strong>Hydroflex<\/strong> hat erweiterbare Duschschl\u00e4uche aus Edelstahl eingef\u00fchrt.<\/p>\n<p>L\u00e4nge von 150 cm bis 200 cm<\/p>\n<style> td { border: 0px solid black; } <\/style>\n<p><!-- ustawienie czarnego obramowania kom\u00f3rek tabeli w CSS --><\/p>\n<table>\n<tr>\n<td colspan=\"2\"><img loading=\"lazy\" decoding=\"async\" src=\"https:\/\/hydroflex.com.pl\/wp-content\/uploads\/2022\/04\/waz_prysznicowy.jpg\" alt=\"\" width=\"158\" height=\"206\" class=\"alignnone size-full wp-image-270\"><\/td>\n<td><img loading=\"lazy\" decoding=\"async\" src=\"https:\/\/hydroflex.com.pl\/wp-content\/uploads\/2023\/11\/opakowanie-de-2.png\" alt=\"\" width=\"205\" height=\"206\" class=\"alignnone size-full wp-image-975\"><\/td>\n<\/tr>\n<\/table>\n<ul>\n<\/ul>\n","protected":false},"excerpt":{"rendered":"<p>Hydroflex hat erweiterbare Duschschl\u00e4uche aus Edelstahl eingef\u00fchrt. L\u00e4nge von 150 cm bis 200 cm<\/p>\n","protected":false},"author":2,"featured_media":0,"parent":0,"menu_order":0,"comment_status":"closed","ping_status":"closed","template":"","meta":{"footnotes":""},"class_list":["post-1229","page","type-page","status-publish","hentry"],"_links":{"self":[{"href":"https:\/\/hydroflex.com.pl\/de\/wp-json\/wp\/v2\/pages\/1229","targetHints":{"allow":["GET"]}}],"collection":[{"href":"https:\/\/hydroflex.com.pl\/de\/wp-json\/wp\/v2\/pages"}],"about":[{"href":"https:\/\/hydroflex.com.pl\/de\/wp-json\/wp\/v2\/types\/page"}],"author":[{"embeddable":true,"href":"https:\/\/hydroflex.com.pl\/de\/wp-json\/wp\/v2\/users\/2"}],"replies":[{"embeddable":true,"href":"https:\/\/hydroflex.com.pl\/de\/wp-json\/wp\/v2\/comments?post=1229"}],"version-history":[{"count":0,"href":"https:\/\/hydroflex.com.pl\/de\/wp-json\/wp\/v2\/pages\/1229\/revisions"}],"wp:attachment":[{"href":"https:\/\/hydroflex.com.pl\/de\/wp-json\/wp\/v2\/media?parent=1229"}],"curies":[{"name":"wp","href":"https:\/\/api.w.org\/{rel}","templated":true}]}}