{"id":1231,"date":"2023-08-01T11:17:20","date_gmt":"2023-08-01T09:17:20","guid":{"rendered":"https:\/\/hydroflex.com.pl\/wasserschlaeuche\/"},"modified":"2023-08-01T11:17:20","modified_gmt":"2023-08-01T09:17:20","slug":"wasserschlaeuche","status":"publish","type":"page","link":"https:\/\/hydroflex.com.pl\/de\/wasserschlaeuche\/","title":{"rendered":"Wasserschl\u00e4uche"},"content":{"rendered":"<p>Unsere Schl\u00e4uche werden zu 100 % in Polen hergestellt und bestehen aus den hochwertigsten Materialien aus EUROPA und POLEN \u2013 Edelstahldraht AISI 304, Gummi (EPDM), PE-Innenschlauch und Silikon-Innenschlauch (f\u00fcr Trinkwasser \u2013 Foto).<\/p>\n<p>HYDROFLEX-Schl\u00e4uche werden in Wasser-, Heizungs-, Druck-, K\u00fchl- und Klimaanlagen eingesetzt. Sie dienen zur Installation von Armaturen, Filtern, Wasserz\u00e4hlern, Pumpen, Hydrophoren und automatischen Waschmaschinen.<\/p>\n<p>Es ist m\u00f6glich, nicht standardm\u00e4\u00dfige Schlauchabmessungen herzustellen: L\u00e4nge, Innen- und Au\u00dfendurchmesser sowie die Verwendung verschiedener Enden. Die Innendurchmesser der hergestellten Schl\u00e4uche betragen DN6, DN8, DN13, DN20, DN25, DN32, DN40, DN50 <\/p>\n<p>Standardl\u00e4ngen der von HYDROFLEX hergestellten Schl\u00e4uche sind: von L-10 cm bis L-250 cm.<\/p>\n<p>Auf Sonderbestellung fertigen wir auch flexible Verbindungen bis zu 300 m L\u00e4nge <\/p>\n<p>Von HYDROFLEX hergestellte Schl\u00e4uche haben Gewinde 3\/8\u2033, 1\/2\u2033, 3\/4\u2033, 1\u2033, 1 \u00bc\u2033, 1 \u00bd\u2033, 2\u2033, M8x1, M10x1, M12x1, M15x1.<\/p>\n<p>Aufgrund ihrer Parameter sind HYDROFLEX-Schl\u00e4uche praktisch unzerst\u00f6rbar, weshalb wir auf sie eine Garantie gew\u00e4hren \u2013 individuell f\u00fcr jeden Kunden (gilt f\u00fcr Edelstahlanschl\u00fcsse). Von HYDROFLEX hergestellte flexible Schl\u00e4uche und Verbindungen sind versichert.<\/p>\n","protected":false},"excerpt":{"rendered":"<p>Unsere Schl\u00e4uche werden zu 100 % in Polen hergestellt und bestehen aus den hochwertigsten Materialien aus EUROPA und POLEN \u2013 Edelstahldraht AISI 304, Gummi (EPDM), PE-Innenschlauch und Silikon-Innenschlauch (f\u00fcr Trinkwasser \u2013 Foto). HYDROFLEX-Schl\u00e4uche werden in Wasser-, Heizungs-, Druck-, K\u00fchl- und Klimaanlagen eingesetzt. Sie dienen zur Installation von Armaturen, Filtern, Wasserz\u00e4hlern, Pumpen, Hydrophoren und automatischen Waschmaschinen. [&hellip;]<\/p>\n","protected":false},"author":2,"featured_media":0,"parent":0,"menu_order":0,"comment_status":"closed","ping_status":"closed","template":"","meta":{"footnotes":""},"class_list":["post-1231","page","type-page","status-publish","hentry"],"_links":{"self":[{"href":"https:\/\/hydroflex.com.pl\/de\/wp-json\/wp\/v2\/pages\/1231","targetHints":{"allow":["GET"]}}],"collection":[{"href":"https:\/\/hydroflex.com.pl\/de\/wp-json\/wp\/v2\/pages"}],"about":[{"href":"https:\/\/hydroflex.com.pl\/de\/wp-json\/wp\/v2\/types\/page"}],"author":[{"embeddable":true,"href":"https:\/\/hydroflex.com.pl\/de\/wp-json\/wp\/v2\/users\/2"}],"replies":[{"embeddable":true,"href":"https:\/\/hydroflex.com.pl\/de\/wp-json\/wp\/v2\/comments?post=1231"}],"version-history":[{"count":0,"href":"https:\/\/hydroflex.com.pl\/de\/wp-json\/wp\/v2\/pages\/1231\/revisions"}],"wp:attachment":[{"href":"https:\/\/hydroflex.com.pl\/de\/wp-json\/wp\/v2\/media?parent=1231"}],"curies":[{"name":"wp","href":"https:\/\/api.w.org\/{rel}","templated":true}]}}