{"id":1268,"date":"2022-04-07T14:34:34","date_gmt":"2022-04-07T12:34:34","guid":{"rendered":"https:\/\/hydroflex.com.pl\/flexible-verbindungen\/"},"modified":"2023-11-27T17:52:56","modified_gmt":"2023-11-27T16:52:56","slug":"flexible-verbindungen","status":"publish","type":"page","link":"https:\/\/hydroflex.com.pl\/de\/flexible-verbindungen\/","title":{"rendered":"Flexible Verbindungen"},"content":{"rendered":"<p style=\"text-indent: 20px;\">Unsere Schl\u00e4uche werden aus den hochwertigsten Materialien aus <strong>EUROPA<\/strong> und <strong>POLEN<\/strong> hergestellt \u2013 Edelstahl AISI 304, Gummi (EPDM) und <span style=\"color: red;\">PE-X-Rohre<\/span> (<span style=\"color: red;\">f\u00fcr Trinkwasser<\/span> \u2013 <a href=\"https:\/\/hydroflex.com.pl\/wp-content\/uploads\/2022\/04\/pex1.gif\" target=\"_blank\" rel=\"noopener\">Foto<\/a>).<\/p>\n<p style=\"text-indent: 20px;\">Die flexiblen <strong>HYDROFLEX<\/strong>-Verbindungen werden in Wasser-, Heizungs-, Druck-, K\u00fchl- und Klimaanlageninstallationen eingesetzt. Sie dienen zur Installation von Armaturen, Filtern, Wasserz\u00e4hlern, Pumpen, Hydrophoren und automatischen Waschmaschinen.<\/p>\n<p style=\"text-indent: 20px;\">Es ist m\u00f6glich, nicht standardm\u00e4\u00dfige Abmessungen flexibler Verbindungen hinsichtlich L\u00e4nge, Innen- und Au\u00dfendurchmesser und der Verwendung verschiedener Anschl\u00fcsse herzustellen.<\/p>\n<p style=\"text-indent: 20px;\">Standardl\u00e4ngen der von <strong>HYDROFLEX<\/strong> hergestellten flexiblen Verbindungen sind: von <span style=\"text-decoration: underline;\">L-10 cm<\/span> bis <span style=\"text-decoration: underline;\">L-250 cm.<\/span><\/p>\n<p style=\"text-indent: 20px;\">Auf Sonderbestellung stellen wir auch flexible Verbindungen her.<\/p>\n<p style=\"text-indent: 20px;\">Von <strong>HYDROFLEX<\/strong> hergestellte flexible Verbindungen haben Gewinde 3\/8\u2033, 1\/2\u2033, 3\/4\u2033, 1\u2033, 1 \u00bc\u2033, 1 \u00bd\u2033, 2\u2033, M8x1, M10x1, M12x1, M15x1.<\/p>\n<p style=\"text-indent: 20px;\">Die flexiblen <strong>HYDROFLEX<\/strong>-Verbindungen sind aufgrund ihrer Parameter praktisch unzerst\u00f6rbar, weshalb wir darauf eine Garantie geben \u2013 individuell f\u00fcr jeden Kunden (gilt f\u00fcr Edelstahlverbindungen). Von <strong>HYDROFLEX<\/strong> hergestellte flexible Schl\u00e4uche und Verbindungen sind versichert.<\/p>\n<p style=\"text-indent: 20px;\"><span style=\"text-decoration: underline;\">Kurze Eigenschaften der geflochtenen flexiblen Verbindungen aus Edelstahl AISI 304:<\/span><\/p>\n<ul>\n<li><a href=\"https:\/\/hydroflex.com.pl\/wp-content\/uploads\/2023\/11\/weze-hydroflex-de-2.jpg\" target=\"_blank\" rel=\"noopener\">technische Zeichnung<\/a><\/li>\n<li>Druckfestigkeit bis 16 bar<\/li>\n<li>Temperaturbest\u00e4ndigkeit bis 110\u00b0 C<\/li>\n<li>ungiftig<\/li>\n<li>rostfrei<\/li>\n<li>Best\u00e4ndigkeit gegen Kontakt mit Glykol 35 %<\/li>\n<\/ul>\n<p style=\"text-indent: 20px;\"><span style=\"text-decoration: underline;\">Flexible Verbindungen mit Edelstahlgeflecht AISI 304, Angebotstypen:<\/span><\/p>\n<ol>\n<li><strong>STANDARD DN6<\/strong>\n<ul>\n<li>3\/8\u2033 x M10x1 kurzes Ende<\/li>\n<li>3\/8\u2033 x M10x1 langes Ende<\/li>\n<li>3\/8\u2033 x M8x1 kurzes Ende<\/li>\n<li>3\/8\u2033 x M8x1 langes Ende<\/li>\n<li>3\/8\u2033 x 3\/8\u2033 Innengewinde &#8211; Innengewinde<\/li>\n<li>3\/8\u2033 x 3\/8\u2033 Innengewinde &#8211; Au\u00dfengewinde<\/li>\n<\/ul>\n<\/li>\n<li><strong>STANDARD DN8<\/strong>\n<ul>\n<li style=\"list-style-type: none;\">\n<ul>\n<li>3\/8\u2033 x M10x1 kurzes Ende<\/li>\n<li>3\/8\u2033 x M10x1 langes Ende<\/li>\n<li>3\/8\u2033 x M8x1 kurzes Ende<\/li>\n<li>1\/2\u2033 x M10x1 langes Ende<\/li>\n<li>1\/2\u2033 x M10x1 langes Ende<\/li>\n<li>1\/2\u2033 x M8x1 kurzes Ende<\/li>\n<li>1\u00bc\u2033 x 1\u00bc\u2033 Innengewinde &#8211; Innengewinde<\/li>\n<li>3\/8\u2033 x 3\/8\u2033 Innengewinde &#8211; Au\u00dfengewinde<\/li>\n<li>1\/2\u2033 x 1\/2\u2033 Innengewinde &#8211; Innengewinde<\/li>\n<li>1\/2\u2033 x 1\/2\u2033 Innengewinde &#8211; Au\u00dfengewinde<\/li>\n<li>1\/2\u2033 x 3\/4\u2033 Innengewinde &#8211; Innengewinde<\/li>\n<li>3\/4\u2033 x 3\/4\u2033 Innengewinde &#8211; Innengewinde<\/li>\n<\/ul>\n<\/li>\n<li><strong>MEDIUM DN13<\/strong>\n<ul>\n<li>1\/2\u2033 x 1\/2\u2033 Innengewinde &#8211; Innengewinde<\/li>\n<li>1\/2\u2033 x 1\/2\u2033 Innengewinde &#8211; Au\u00dfengewinde<\/li>\n<li>1\/2\u2033 x 1\/2\u2033 Innengewinde &#8211; Ellbogen<\/li>\n<li>1\/2\u2033 x 3\/4\u2033 Innengewinde &#8211; Innengewinde<\/li>\n<li>1\/2\u2033 x 3\/4\u2033 Innengewinde &#8211; Au\u00dfengewinde<\/li>\n<li>1\/2\u2033 x 3\/4\u2033 Innengewinde &#8211; Ellbogen<\/li>\n<li>3\/4\u2033 x 3\/4\u2033 Innengewinde &#8211; Innengewinde<\/li>\n<li>3\/4\u2033 x 3\/4\u2033 Innengewinde &#8211; Au\u00dfengewinde<\/li>\n<\/ul>\n<\/li>\n<li><strong>GIGANT DN19<\/strong>\n<ul>\n<li>3\/4\u2033 x 3\/4\u2033 Innengewinde &#8211; Innengewinde<\/li>\n<li>3\/4\u2033 x 3\/4\u2033 Innengewinde &#8211; Au\u00dfengewinde<\/li>\n<li>3\/4\u2033 x 3\/4\u2033 Innengewinde &#8211; Ellbogen<\/li>\n<\/ul>\n<\/li>\n<li><strong>GIGANT DN25<\/strong>\n<ul>\n<li>1\u2033 x 1\u2033 Innengewinde &#8211; Innengewinde<\/li>\n<li>1\u2033 x 1\u2033 Innengewinde &#8211; Au\u00dfengewinde<\/li>\n<li>1\u2033 x 1\u2033 Innengewinde &#8211; Ellbogen<\/li>\n<\/ul>\n<\/li>\n<li><strong>GIGANT DN32<\/strong>\n<ul>\n<li>1\u00bc\u2033 x 1\u00bc\u2033 Innengewinde &#8211; Innengewinde<\/li>\n<li>1\u00bc\u2033 x 1\u00bc\u2033 Innengewinde &#8211; Au\u00dfengewinde<\/li>\n<li>1\u00bc\u2033 x 1\u00bc\u2033 Innengewinde &#8211; Ellbogen<\/li>\n<\/ul>\n<\/li>\n<li><strong>GIGANT DN40<\/strong>\n<ul>\n<li>1\u00bd\u2033 x 1\u00bd\u2033 Innengewinde &#8211; Innengewinde<\/li>\n<li>1\u00bd\u2033 x 1\u00bd\u2033 Innengewinde &#8211; Au\u00dfengewinde<\/li>\n<\/ul>\n<\/li>\n<li><strong>GIGANT DN50<\/strong>\n<ul>\n<li>2\u2033 x 2\u2033 Innengewinde &#8211; Innengewinde<\/li>\n<li>2\u2033 x 2\u2033 Innengewinde &#8211; Au\u00dfengewinde<\/li>\n<\/ul>\n<\/li>\n<\/ol>\n<p style=\"text-indent: 20px;\">Standardm\u00e4\u00dfig betr\u00e4gt die Garantie f\u00fcr flexible Edelstahl-Geflechtverbindungen, die seit 2013 in <strong>HYDROFLEX<\/strong>-Werken hergestellt werden, 5 Jahre.<\/p>\n<p style=\"text-indent: 20px;\">*Die Garantie kann um einen Zeitraum von mehr als 5 Jahren verl\u00e4ngert werden, nachdem der K\u00e4ufer zuvor informiert hat, wo und unter welchen Bedingungen der flexible Edelstahl-Geflechtverbinder von <strong>Hydroflex<\/strong> installiert wird.<\/p>\n","protected":false},"excerpt":{"rendered":"<p>Unsere Schl\u00e4uche werden aus den hochwertigsten Materialien aus EUROPA und POLEN hergestellt \u2013 Edelstahl AISI 304, Gummi (EPDM) und PE-X-Rohre (f\u00fcr Trinkwasser \u2013 Foto). Die flexiblen HYDROFLEX-Verbindungen werden in Wasser-, Heizungs-, Druck-, K\u00fchl- und Klimaanlageninstallationen eingesetzt. Sie dienen zur Installation von Armaturen, Filtern, Wasserz\u00e4hlern, Pumpen, Hydrophoren und automatischen Waschmaschinen. Es ist m\u00f6glich, nicht standardm\u00e4\u00dfige Abmessungen [&hellip;]<\/p>\n","protected":false},"author":2,"featured_media":0,"parent":0,"menu_order":0,"comment_status":"closed","ping_status":"closed","template":"","meta":{"footnotes":""},"class_list":["post-1268","page","type-page","status-publish","hentry"],"_links":{"self":[{"href":"https:\/\/hydroflex.com.pl\/de\/wp-json\/wp\/v2\/pages\/1268","targetHints":{"allow":["GET"]}}],"collection":[{"href":"https:\/\/hydroflex.com.pl\/de\/wp-json\/wp\/v2\/pages"}],"about":[{"href":"https:\/\/hydroflex.com.pl\/de\/wp-json\/wp\/v2\/types\/page"}],"author":[{"embeddable":true,"href":"https:\/\/hydroflex.com.pl\/de\/wp-json\/wp\/v2\/users\/2"}],"replies":[{"embeddable":true,"href":"https:\/\/hydroflex.com.pl\/de\/wp-json\/wp\/v2\/comments?post=1268"}],"version-history":[{"count":1,"href":"https:\/\/hydroflex.com.pl\/de\/wp-json\/wp\/v2\/pages\/1268\/revisions"}],"predecessor-version":[{"id":1304,"href":"https:\/\/hydroflex.com.pl\/de\/wp-json\/wp\/v2\/pages\/1268\/revisions\/1304"}],"wp:attachment":[{"href":"https:\/\/hydroflex.com.pl\/de\/wp-json\/wp\/v2\/media?parent=1268"}],"curies":[{"name":"wp","href":"https:\/\/api.w.org\/{rel}","templated":true}]}}