{"id":1241,"date":"2021-08-17T18:00:38","date_gmt":"2021-08-17T16:00:38","guid":{"rendered":"https:\/\/hydroflex.com.pl\/contact\/"},"modified":"2023-11-27T12:16:55","modified_gmt":"2023-11-27T11:16:55","slug":"contact","status":"publish","type":"page","link":"https:\/\/hydroflex.com.pl\/en\/contact\/","title":{"rendered":"Contact"},"content":{"rendered":"\n<div class=\"wp-block-columns is-layout-flex wp-container-core-columns-is-layout-9d6595d7 wp-block-columns-is-layout-flex\">\n<div class=\"wp-block-column is-layout-flow wp-block-column-is-layout-flow\" style=\"flex-basis:33.33%\">\n<p><strong>HYDROFLEX<\/strong><br\/><strong>ul. Sportowa 42<br\/>32-040 \u015awi\u0105tniki G\u00f3rne<\/strong><br\/>Poland<br\/><strong>GPS<\/strong>: 49\u00b055&#8217;47.8&#8243;N 19\u00b057&#8217;00.6&#8243;E<\/p>\n\n\n\n<p><strong>tel.\/fax<\/strong>: +48 012 27 04 190<br\/><strong>mobile<\/strong>: +48 604 645 891<br\/><strong>e-mail<\/strong>: <a href=\"mailto:biuro@hydroflex.com.pl\">biuro@hydroflex.com.pl<\/a><\/p>\n\n\n\n<p><strong>NIP<\/strong>: 676-219-24-84<br\/><strong>REGON<\/strong>: 120011278<\/p>\n<\/div>\n\n\n\n<div class=\"wp-block-column is-layout-flow wp-block-column-is-layout-flow\" style=\"flex-basis:66.66%\">\n<div class=\"map\"><\/div>\n\n<script type=\"text\/javascript\" async=\"\" defer=\"defer\">\n                                document.addEventListener('DOMContentLoaded', function (e) {\n                                    var l = document.querySelector('.map')\n                                    if (l) {\n                                        var iframe = l.appendChild(document.createElement('iframe'))\n                                        iframe.setAttribute('loading', 'lazy')\n                                        iframe.setAttribute('width', '100%')\n                                        iframe.setAttribute('height', '100%')\n                                        iframe.setAttribute('frameborder', '0')\n                                        iframe.setAttribute('style', 'border: 0')\n                                        iframe.setAttribute('title', 'Ort')\n                                        iframe.setAttribute('src', 'https:\/\/maps.google.com\/maps?q=49.929941437510685,19.95017285516101&z=16&output=embed')\n\n                                    }\n                                })\n                            <\/script>\n<\/div>\n<\/div>\n\n<div class=\"wp-block-columns is-layout-flex wp-container-core-columns-is-layout-9d6595d7 wp-block-columns-is-layout-flex\">\n<div class=\"wp-block-column is-layout-flow wp-block-column-is-layout-flow\" style=\"flex-basis:33.33%\">\n<h2 class=\"wp-block-heading\">Contact form<\/h2>\n<\/div>\n\n\n\n<div class=\"wp-block-column is-layout-flow wp-block-column-is-layout-flow\" style=\"flex-basis:66.66%\">\n<div class=\"contact-form\">\n<form>\n\n<div class=\"input-wrapper\"><input type=\"text\" name=\"name\" placeholder=\"First and last name or company name\" required=\"\"\/><\/div>\n<div class=\"input-wrapper\"><input type=\"email\" name=\"email\" placeholder=\"E-mail address\" required=\"\"\/><\/div>\n<div class=\"input-wrapper\"><input type=\"text\" name=\"subject\" placeholder=\"Subject\"\/><\/div>\n<div class=\"input-wrapper\"><textarea name=\"message\" placeholder=\"Message\" required=\"\"><\/textarea><\/div>\n\n<div class=\"actions\"><button type=\"submit\" class=\"button\">Send<\/button><\/div><\/form>\n\n<div class=\"success\" style=\"display: none;\"><p>Thank you.<\/p><\/div>\n<div class=\"error\" style=\"display: none;\"><p>There is an error in the form. Please check errors and try again.<\/p><\/div>\n\n<\/div>\n<\/div>\n<\/div>\n","protected":false},"excerpt":{"rendered":"<p>HYDROFLEXul. Sportowa 4232-040 \u015awi\u0105tniki G\u00f3rnePolandGPS: 49\u00b055&#8217;47.8&#8243;N 19\u00b057&#8217;00.6&#8243;E tel.\/fax: +48 012 27 04 190mobile: +48 604 645 891e-mail: biuro@hydroflex.com.pl NIP: 676-219-24-84REGON: 120011278 Contact form Send Thank you. There is an error in the form. Please check errors and try again.<\/p>\n","protected":false},"author":1,"featured_media":0,"parent":0,"menu_order":0,"comment_status":"closed","ping_status":"closed","template":"template-fullwidth.php","meta":{"footnotes":""},"class_list":["post-1241","page","type-page","status-publish","hentry"],"_links":{"self":[{"href":"https:\/\/hydroflex.com.pl\/en\/wp-json\/wp\/v2\/pages\/1241","targetHints":{"allow":["GET"]}}],"collection":[{"href":"https:\/\/hydroflex.com.pl\/en\/wp-json\/wp\/v2\/pages"}],"about":[{"href":"https:\/\/hydroflex.com.pl\/en\/wp-json\/wp\/v2\/types\/page"}],"author":[{"embeddable":true,"href":"https:\/\/hydroflex.com.pl\/en\/wp-json\/wp\/v2\/users\/1"}],"replies":[{"embeddable":true,"href":"https:\/\/hydroflex.com.pl\/en\/wp-json\/wp\/v2\/comments?post=1241"}],"version-history":[{"count":3,"href":"https:\/\/hydroflex.com.pl\/en\/wp-json\/wp\/v2\/pages\/1241\/revisions"}],"predecessor-version":[{"id":1244,"href":"https:\/\/hydroflex.com.pl\/en\/wp-json\/wp\/v2\/pages\/1241\/revisions\/1244"}],"wp:attachment":[{"href":"https:\/\/hydroflex.com.pl\/en\/wp-json\/wp\/v2\/media?parent=1241"}],"curies":[{"name":"wp","href":"https:\/\/api.w.org\/{rel}","templated":true}]}}