{"id":1255,"date":"2021-08-17T19:11:53","date_gmt":"2021-08-17T17:11:53","guid":{"rendered":"https:\/\/hydroflex.com.pl\/home\/"},"modified":"2025-03-17T11:40:10","modified_gmt":"2025-03-17T10:40:10","slug":"home","status":"publish","type":"page","link":"https:\/\/hydroflex.com.pl\/en\/","title":{"rendered":"Home"},"content":{"rendered":"<iframe loading=\"lazy\" width=\"100%\" height=\"615\" src=\"https:\/\/www.youtube.com\/embed\/G00vVStpPuk?si=PRm9PBatDuPi0Ttu\" title=\"YouTube video player\" frameborder=\"0\" allow=\"accelerometer; autoplay; clipboard-write; encrypted-media; gyroscope; picture-in-picture; web-share\" referrerpolicy=\"strict-origin-when-cross-origin\" allowfullscreen><\/iframe>\r\n\r\n&#13;\r\n<p style=\"text-indent:20px;\"><strong>Hydroflex<\/strong> is a company that produces braided flexible hoses and connections made of AISI 304 stainless steel.<\/p>&#13;\r\n&#13;\r\n<p style=\"text-indent:20px;\">Our flexible connections have a wide range of applications in the sanitary and air conditioning field. Our company has the widest offer of flexible connections on the Polish market, characterized by the highest and unrivaled quality, and is the only company in Poland that sells flexible connections for drinking water.<\/p>&#13;\r\n&#13;\r\n<p style=\"text-indent:20px;\">In addition to the production of flexible connections, we are the only manufacturer of stainless steel braided hoses on the Polish market. We have braiding machines that make braids from AISI 304 stainless steel, galvanized steel, copper, aluminum and nylon wire. <strong>Oplatamy w\u0119\u017ce GUMOWE (EPDM), PE-X (woda pitna), SILIKON a tak\u017ce wykonujemy ekrany os\u0142onowe na kable elektryczne.<\/strong><\/p>&#13;\r\n&#13;\r\n<p style=\"text-indent:20px;\">Mo\u017cemy oplata\u0107 r\u00f3\u017cne grubo\u015bci w\u0119\u017cy pocz\u0105wszy od: <strong>DN6<\/strong>, <strong>DN8<\/strong>, <strong>DN10<\/strong>, <strong>DN13<\/strong>, <strong>DN19<\/strong>, <strong>DN25<\/strong>, <strong>DN32<\/strong>, <strong>DN40<\/strong>, <strong>DN50<\/strong>. It is possible to braid each hose after determining the technical data of the hose.<\/p>&#13;\r\n&#13;\r\n<p style=\"text-indent:20px;\">The company&#8217;s goal is to establish and maintain partnerships with large chains, sanitary fittings wholesalers, small stores and foreign partners. Our advantage is the continuous improvement and implementation of new connections and hoses, the quality of the company&#8217;s operation and concern for customer satisfaction.<\/p>&#13;\r\n&#13;\r\n<p style=\"text-indent:20px;\"><strong>We invite you to cooperate.<\/strong><\/p>&#13;\r\n&#13;\r\n<p style=\"text-indent:20px;\"><strong>We are convinced that by joining the group of our clients, you will be satisfied with the cooperation.<\/strong><\/p>&#13;\r\n\r\n<div class=\"wp-block-columns alignwide are-vertically-aligned-center highlights is-layout-flex wp-container-core-columns-is-layout-9d6595d7 wp-block-columns-is-layout-flex\">\r\n<div class=\"wp-block-column is-layout-flow wp-block-column-is-layout-flow\">&#13;\r\n<h2 class=\"has-medium-font-size wp-block-heading\"><strong>Experience<\/strong><\/h2>&#13;\r\n\r\n\r\n&#13;\r\n<p>We have been producing a wide range of Flexible Connections for over 23 years. <\/p>&#13;\r\n\r\n\r\n&#13;\r\n<p>The roots of the business date back to 1973.<\/p>&#13;\r\n<\/div>\r\n\r\n\r\n\r\n<div class=\"wp-block-column is-layout-flow wp-block-column-is-layout-flow\">&#13;\r\n<h2 class=\"has-medium-font-size wp-block-heading\"><strong>Professionalism<\/strong><\/h2>&#13;\r\n\r\n\r\n&#13;\r\n<p>We offer products of the highest and unrivaled quality.<\/p>&#13;\r\n\r\n\r\n&#13;\r\n<p>Production takes place entirely in Poland.<\/p>&#13;\r\n<\/div>\r\n\r\n\r\n\r\n<div class=\"wp-block-column is-layout-flow wp-block-column-is-layout-flow\">&#13;\r\n<h2 class=\"has-medium-font-size wp-block-heading\"><strong>A solid partner<\/strong><\/h2>&#13;\r\n\r\n\r\n&#13;\r\n<p>Our company has a group of regular and satisfied customers in Poland and abroad.<\/p>&#13;\r\n<\/div>\r\n<\/div>\r\n&#13;\r\n<p><\/p>&#13;\r\n","protected":false},"excerpt":{"rendered":"<p>&#13; Hydroflex is a company that produces braided flexible hoses and connections made of AISI 304 stainless steel. &#13; &#13; Our flexible connections have a wide range of applications in the sanitary and air conditioning field. Our company has the widest offer of flexible connections on the Polish market, characterized by the highest and unrivaled [&hellip;]<\/p>\n","protected":false},"author":1,"featured_media":0,"parent":0,"menu_order":0,"comment_status":"closed","ping_status":"closed","template":"template-fullwidth.php","meta":{"footnotes":""},"class_list":["post-1255","page","type-page","status-publish","hentry"],"_links":{"self":[{"href":"https:\/\/hydroflex.com.pl\/en\/wp-json\/wp\/v2\/pages\/1255","targetHints":{"allow":["GET"]}}],"collection":[{"href":"https:\/\/hydroflex.com.pl\/en\/wp-json\/wp\/v2\/pages"}],"about":[{"href":"https:\/\/hydroflex.com.pl\/en\/wp-json\/wp\/v2\/types\/page"}],"author":[{"embeddable":true,"href":"https:\/\/hydroflex.com.pl\/en\/wp-json\/wp\/v2\/users\/1"}],"replies":[{"embeddable":true,"href":"https:\/\/hydroflex.com.pl\/en\/wp-json\/wp\/v2\/comments?post=1255"}],"version-history":[{"count":4,"href":"https:\/\/hydroflex.com.pl\/en\/wp-json\/wp\/v2\/pages\/1255\/revisions"}],"predecessor-version":[{"id":1309,"href":"https:\/\/hydroflex.com.pl\/en\/wp-json\/wp\/v2\/pages\/1255\/revisions\/1309"}],"wp:attachment":[{"href":"https:\/\/hydroflex.com.pl\/en\/wp-json\/wp\/v2\/media?parent=1255"}],"curies":[{"name":"wp","href":"https:\/\/api.w.org\/{rel}","templated":true}]}}